{"id":3544,"date":"2024-03-08T08:44:11","date_gmt":"2024-03-08T11:44:11","guid":{"rendered":"https:\/\/revgas.com\/?page_id=3544"},"modified":"2024-03-08T13:49:29","modified_gmt":"2024-03-08T16:49:29","slug":"aula-mariany","status":"publish","type":"page","link":"https:\/\/revgas.com\/es\/aula-mariany\/","title":{"rendered":"Aula Mariany"},"content":{"rendered":"<div data-elementor-type=\"wp-page\" data-elementor-id=\"3544\" class=\"elementor elementor-3544\">\n\t\t\t\t<div class=\"elementor-element elementor-element-124fb41 e-flex e-con-boxed e-con e-parent\" data-id=\"124fb41\" data-element_type=\"container\" data-settings=\"{&quot;background_background&quot;:&quot;classic&quot;}\">\n\t\t\t\t\t<div class=\"e-con-inner\">\n\t\t<div class=\"elementor-element elementor-element-1047db6 e-flex e-con-boxed e-con e-child\" data-id=\"1047db6\" data-element_type=\"container\">\n\t\t\t\t\t<div class=\"e-con-inner\">\n\t\t<div class=\"elementor-element elementor-element-e17e87c e-con-full e-flex e-con e-child\" data-id=\"e17e87c\" data-element_type=\"container\">\n\t\t\t\t<div class=\"elementor-element elementor-element-4d740d7 elementor-widget elementor-widget-heading\" data-id=\"4d740d7\" data-element_type=\"widget\" data-widget_type=\"heading.default\">\n\t\t\t\t<div class=\"elementor-widget-container\">\n\t\t\t\t\t<h2 class=\"elementor-heading-title elementor-size-default\">MASTERCLASS<\/h2>\t\t\t\t<\/div>\n\t\t\t\t<\/div>\n\t\t\t\t<div class=\"elementor-element elementor-element-43a2f7d elementor-widget elementor-widget-heading\" data-id=\"43a2f7d\" data-element_type=\"widget\" data-widget_type=\"heading.default\">\n\t\t\t\t<div class=\"elementor-widget-container\">\n\t\t\t\t\t<h2 class=\"elementor-heading-title elementor-size-default\">AULA ESSENCIAL PARA ELEVAR A QUALIDADE DOS SERVI\u00c7OS DE ATENDIMENTO!<\/h2>\t\t\t\t<\/div>\n\t\t\t\t<\/div>\n\t\t\t\t<div class=\"elementor-element elementor-element-1161163 elementor-widget elementor-widget-heading\" data-id=\"1161163\" data-element_type=\"widget\" data-widget_type=\"heading.default\">\n\t\t\t\t<div class=\"elementor-widget-container\">\n\t\t\t\t\t<h2 class=\"elementor-heading-title elementor-size-default\"><mark style=\"background-color:#F9F3E3\">A busca pela excel\u00eancia no atendimento \u00e9 constante, e \u00e9 por isso que estamos aqui para guiar voc\u00ea em pr\u00e1ticas e estrat\u00e9gias eficazes<\/mark><\/h2>\t\t\t\t<\/div>\n\t\t\t\t<\/div>\n\t\t\t\t<div class=\"elementor-element elementor-element-89978bb elementor-widget elementor-widget-text-editor\" data-id=\"89978bb\" data-element_type=\"widget\" data-widget_type=\"text-editor.default\">\n\t\t\t\t<div class=\"elementor-widget-container\">\n\t\t\t\t\t\t\t\t\t<p><span style=\"font-weight: 400;\">Sua Revenda est\u00e1 pronta para oferecer um atendimento de qualidade?<\/span><\/p><p><span style=\"font-weight: 400;\">Para auxiliar voc\u00ea a compreender as mudan\u00e7as necess\u00e1rias e a implementar pr\u00e1ticas que elevem o padr\u00e3o de atendimento, desenvolvemos um guia completo em parceria com nossa especialista Mariany Borges. Na aula voc\u00ea ter\u00e1 acesso ao conte\u00fado:<\/span><\/p><p>\ud83d\udc49 Por que investir em Atendimento de Qualidade<br \/><span style=\"font-size: 1em; text-align: var(--text-align); letter-spacing: var(--bodyletterspacing); text-transform: var(--bodytexttransform);\">\u2699\ufe0f Novas estrat\u00e9gias e pr\u00e1ticas para aprimorar o atendimento<br \/><\/span><span style=\"font-size: 1em; text-align: var(--text-align); letter-spacing: var(--bodyletterspacing); text-transform: var(--bodytexttransform);\">\u2705 Benef\u00edcios de um atendimento excepcional<br \/><\/span><span style=\"font-size: 1em; text-align: var(--text-align); letter-spacing: var(--bodyletterspacing); text-transform: var(--bodytexttransform);\">\ud83d\udc69\ud83c\udffd\u200d\ud83d\udcbb Mulheres na revenda de g\u00e1s e seus desafios<\/span><\/p><p><span style=\"font-weight: 400;\">Esperamos que este guia seja uma fonte valiosa para elevar o padr\u00e3o de atendimento da sua empresa. Se inscreva agora para assistir essa aula exclusiva:<\/span><\/p>\t\t\t\t\t\t\t\t<\/div>\n\t\t\t\t<\/div>\n\t\t\t\t<\/div>\n\t\t<div class=\"elementor-element elementor-element-babe7c4 e-flex e-con-boxed e-con e-child\" data-id=\"babe7c4\" data-element_type=\"container\">\n\t\t\t\t\t<div class=\"e-con-inner\">\n\t\t\t\t<div class=\"elementor-element elementor-element-8cc49d7 elementor-widget elementor-widget-image\" data-id=\"8cc49d7\" data-element_type=\"widget\" data-widget_type=\"image.default\">\n\t\t\t\t<div class=\"elementor-widget-container\">\n\t\t\t\t\t\t\t\t\t\t\t\t\t\t\t<img fetchpriority=\"high\" decoding=\"async\" width=\"1024\" height=\"1024\" src=\"https:\/\/revgas.com\/wp-content\/uploads\/2024\/03\/Mariany-PNG-1024x1024.png\" class=\"attachment-large size-large wp-image-3562\" alt=\"\" srcset=\"https:\/\/revgas.com\/wp-content\/uploads\/2024\/03\/Mariany-PNG-1024x1024.png 1024w, https:\/\/revgas.com\/wp-content\/uploads\/2024\/03\/Mariany-PNG-300x300.png 300w, https:\/\/revgas.com\/wp-content\/uploads\/2024\/03\/Mariany-PNG-150x150.png 150w, https:\/\/revgas.com\/wp-content\/uploads\/2024\/03\/Mariany-PNG-768x768.png 768w, https:\/\/revgas.com\/wp-content\/uploads\/2024\/03\/Mariany-PNG-1536x1536.png 1536w, https:\/\/revgas.com\/wp-content\/uploads\/2024\/03\/Mariany-PNG-2048x2048.png 2048w, https:\/\/revgas.com\/wp-content\/uploads\/2024\/03\/Mariany-PNG-12x12.png 12w\" sizes=\"(max-width: 1024px) 100vw, 1024px\" \/>\t\t\t\t\t\t\t\t\t\t\t\t\t\t\t<\/div>\n\t\t\t\t<\/div>\n\t\t\t\t\t<\/div>\n\t\t\t\t<\/div>\n\t\t\t\t\t<\/div>\n\t\t\t\t<\/div>\n\t\t\t\t<div class=\"elementor-element elementor-element-fda5e38 elementor-widget elementor-widget-html\" data-id=\"fda5e38\" data-element_type=\"widget\" data-widget_type=\"html.default\">\n\t\t\t\t<div class=\"elementor-widget-container\">\n\t\t\t\t\t<style>\n    \/* Adiciona cor branca ao texto nos r\u00f3tulos do formul\u00e1rio *\/\n    .wpcf7 label {\n        color: white;\n    }\n\n \n\n    \/* Adiciona cor branca ao texto no bot\u00e3o de envio *\/\n    .wpcf7 input[type=\"submit\"] {\n        color: white;\n    }\n<\/style>\t\t\t\t<\/div>\n\t\t\t\t<\/div>\n\t\t\t\t<div class=\"elementor-element elementor-element-40029a7 elementor-widget elementor-widget-text-editor\" data-id=\"40029a7\" data-element_type=\"widget\" data-widget_type=\"text-editor.default\">\n\t\t\t\t<div class=\"elementor-widget-container\">\n\t\t\t\t\t\t\t\t\t<p>\n<div class=\"wpcf7 no-js\" id=\"wpcf7-f3567-o1\" lang=\"pt-BR\" dir=\"ltr\" data-wpcf7-id=\"3567\">\n<div class=\"screen-reader-response\"><p role=\"status\" aria-live=\"polite\" aria-atomic=\"true\"><\/p> <ul><\/ul><\/div>\n<form action=\"\/es\/wp-json\/wp\/v2\/pages\/3544#wpcf7-f3567-o1\" method=\"post\" class=\"wpcf7-form init\" aria-label=\"Formul\u00e1rios de contato\" novalidate=\"novalidate\" data-status=\"init\" data-trp-original-action=\"\/es\/wp-json\/wp\/v2\/pages\/3544#wpcf7-f3567-o1\">\n<fieldset class=\"hidden-fields-container\"><input type=\"hidden\" name=\"_wpcf7\" value=\"3567\" \/><input type=\"hidden\" name=\"_wpcf7_version\" value=\"6.1.4\" \/><input type=\"hidden\" name=\"_wpcf7_locale\" value=\"pt_BR\" \/><input type=\"hidden\" name=\"_wpcf7_unit_tag\" value=\"wpcf7-f3567-o1\" \/><input type=\"hidden\" name=\"_wpcf7_container_post\" value=\"0\" \/><input type=\"hidden\" name=\"_wpcf7_posted_data_hash\" value=\"\" \/>\n<\/fieldset>\n<p><label> Seu nome<br \/>\n<span class=\"wpcf7-form-control-wrap\" data-name=\"your-name\"><input size=\"40\" maxlength=\"400\" class=\"wpcf7-form-control wpcf7-text wpcf7-validates-as-required\" autocomplete=\"name\" aria-required=\"true\" aria-invalid=\"false\" value=\"\" type=\"text\" name=\"your-name\" \/><\/span> <\/label>\n<\/p>\n<p><label> Seu e-mail<br \/>\n<span class=\"wpcf7-form-control-wrap\" data-name=\"your-email\"><input size=\"40\" maxlength=\"400\" class=\"wpcf7-form-control wpcf7-email wpcf7-validates-as-required wpcf7-text wpcf7-validates-as-email\" autocomplete=\"email\" aria-required=\"true\" aria-invalid=\"false\" value=\"\" type=\"email\" name=\"your-email\" \/><\/span> <\/label>\n<\/p>\n<p><label> Seu WhatsApp<br \/>\n<span class=\"wpcf7-form-control-wrap\" data-name=\"whatsapp\"><input size=\"40\" maxlength=\"400\" class=\"wpcf7-form-control wpcf7-text wpcf7-validates-as-required\" autocomplete=\"whatsapp\" aria-required=\"true\" aria-invalid=\"false\" value=\"\" type=\"text\" name=\"whatsapp\" \/><\/span> <\/label>\n<\/p>\n<p><input class=\"wpcf7-form-control wpcf7-submit has-spinner\" type=\"submit\" value=\"GARANTIR MINHA VAGA\" \/>\n<\/p><div class=\"wpcf7-response-output\" aria-hidden=\"true\"><\/div>\n<input type=\"hidden\" name=\"trp-form-language\" value=\"es\"\/><\/form>\n<\/div>\n<\/p>\t\t\t\t\t\t\t\t<\/div>\n\t\t\t\t<\/div>\n\t\t\t\t\t<\/div>\n\t\t\t\t<\/div>\n\t\t\t\t<\/div>","protected":false},"excerpt":{"rendered":"<p>MASTERCLASS AULA ESSENCIAL PARA ELEVAR A QUALIDADE DOS SERVI\u00c7OS DE ATENDIMENTO! A busca pela excel\u00eancia no atendimento \u00e9 constante, e \u00e9 por isso que estamos aqui para guiar voc\u00ea em pr\u00e1ticas e estrat\u00e9gias eficazes Sua Revenda est\u00e1 pronta para oferecer um atendimento de qualidade? Para auxiliar voc\u00ea a compreender as mudan\u00e7as necess\u00e1rias e a implementar&hellip;&nbsp;<a href=\"https:\/\/revgas.com\/es\/aula-mariany\/\" rel=\"bookmark\">Leer m\u00e1s &raquo;<span class=\"screen-reader-text\">Aula Mariany<\/span><\/a><\/p>","protected":false},"author":4,"featured_media":0,"parent":0,"menu_order":0,"comment_status":"closed","ping_status":"closed","template":"elementor_canvas","meta":{"_eb_attr":"","inline_featured_image":false,"neve_meta_sidebar":"","neve_meta_container":"","neve_meta_enable_content_width":"","neve_meta_content_width":0,"neve_meta_title_alignment":"","neve_meta_author_avatar":"","neve_post_elements_order":"","neve_meta_disable_header":"","neve_meta_disable_footer":"","neve_meta_disable_title":"","footnotes":""},"class_list":["post-3544","page","type-page","status-publish","hentry"],"aioseo_notices":[],"_links":{"self":[{"href":"https:\/\/revgas.com\/es\/wp-json\/wp\/v2\/pages\/3544","targetHints":{"allow":["GET"]}}],"collection":[{"href":"https:\/\/revgas.com\/es\/wp-json\/wp\/v2\/pages"}],"about":[{"href":"https:\/\/revgas.com\/es\/wp-json\/wp\/v2\/types\/page"}],"author":[{"embeddable":true,"href":"https:\/\/revgas.com\/es\/wp-json\/wp\/v2\/users\/4"}],"replies":[{"embeddable":true,"href":"https:\/\/revgas.com\/es\/wp-json\/wp\/v2\/comments?post=3544"}],"version-history":[{"count":22,"href":"https:\/\/revgas.com\/es\/wp-json\/wp\/v2\/pages\/3544\/revisions"}],"predecessor-version":[{"id":3574,"href":"https:\/\/revgas.com\/es\/wp-json\/wp\/v2\/pages\/3544\/revisions\/3574"}],"wp:attachment":[{"href":"https:\/\/revgas.com\/es\/wp-json\/wp\/v2\/media?parent=3544"}],"curies":[{"name":"wp","href":"https:\/\/api.w.org\/{rel}","templated":true}]}}